{"id":14437,"date":"2026-03-20T06:46:47","date_gmt":"2026-03-20T06:46:47","guid":{"rendered":"https:\/\/uniquestory.shop\/?post_type=product&#038;p=14437"},"modified":"2026-03-20T06:53:24","modified_gmt":"2026-03-20T06:53:24","slug":"offiziell-lonkoom-noble-serie-100-ml-edp-eau-de-parfum-blumig-und-fruchtig-lang-anhaltender-duft-sommergeschenke-parfum-fur-manner-parfum-fur-frauen","status":"publish","type":"product","link":"https:\/\/uniquestory.shop\/de\/produkt\/offiziell-lonkoom-noble-serie-100-ml-edp-eau-de-parfum-blumig-und-fruchtig-lang-anhaltender-duft-sommergeschenke-parfum-fur-manner-parfum-fur-frauen\/","title":{"rendered":"[OFFIZIELL] Lonkoom, NOBLE-Serie \u2013 100 ml, EDP, Eau de Parfum, blumig und fruchtig, lang anhaltender Duft, Sommergeschenke, Parf\u00fcm f\u00fcr M\u00e4nner, Parf\u00fcm f\u00fcr Frauen"},"content":{"rendered":"<div data-elementor-type=\"product-post\" data-elementor-id=\"14437\" class=\"elementor elementor-14437\" data-elementor-post-type=\"product\">\n\t\t\t\t<div class=\"elementor-element elementor-element-7d8282f7 e-flex e-con-boxed e-con e-parent\" data-id=\"7d8282f7\" data-element_type=\"container\" data-settings=\"{&quot;ekit_has_onepagescroll_dot&quot;:&quot;yes&quot;}\">\n\t\t\t\t\t<div class=\"e-con-inner\">\n\t\t<div class=\"elementor-element elementor-element-1bc1a424 e-grid e-con-full e-con e-child\" data-id=\"1bc1a424\" data-element_type=\"container\" data-settings=\"{&quot;ekit_has_onepagescroll_dot&quot;:&quot;yes&quot;}\">\n\t\t\t\t<div class=\"elementor-element elementor-element-6990b447 elementor-widget elementor-widget-video\" data-id=\"6990b447\" data-element_type=\"widget\" data-settings=\"{&quot;video_type&quot;:&quot;hosted&quot;,&quot;controls&quot;:&quot;yes&quot;,&quot;ekit_we_effect_on&quot;:&quot;none&quot;}\" data-widget_type=\"video.default\">\n\t\t\t\t<div class=\"elementor-widget-container\">\n\t\t\t\t\t\t\t<div class=\"e-hosted-video elementor-wrapper elementor-open-inline\">\n\t\t\t\t\t<video class=\"elementor-video\" src=\"https:\/\/uniquestory.shop\/wp-content\/uploads\/2026\/03\/video_2026-02-11_15-40-26.mp4\" controls=\"\" preload=\"metadata\" controlslist=\"nodownload\"><\/video>\n\t\t\t\t<\/div>\n\t\t\t\t\t\t<\/div>\n\t\t\t\t<\/div>\n\t\t\t\t<div class=\"elementor-element elementor-element-641c6333 elementor-widget elementor-widget-text-editor\" data-id=\"641c6333\" data-element_type=\"widget\" data-settings=\"{&quot;ekit_we_effect_on&quot;:&quot;none&quot;}\" data-widget_type=\"text-editor.default\">\n\t\t\t\t<div class=\"elementor-widget-container\">\n\t\t\t\t\t\t\t\t\t<table class=\"specs-table\">\n    <tr>\n        <td>Volume<\/td>\n        <td><span class=\"volume-badge\">3.4 Fl Oz\/100ml<\/span><\/td>\n    <\/tr>\n    <tr>\n        <td>Scents<\/td>\n        <td><span class=\"scent-category\">Floral Fruity Notes<\/span><\/td>\n    <\/tr>\n    <tr>\n        <td>Top Notes<\/td>\n        <td>\n            <div class=\"notes-container\">\n                <span class=\"note-tag top-note\">Lavender<\/span>\n                <span class=\"note-tag top-note\">Grapefruit<\/span>\n                <span class=\"note-tag top-note\">Pepper<\/span>\n            <\/div>\n        <\/td>\n    <\/tr>\n    <tr>\n        <td>Middle Notes<\/td>\n        <td>\n            <div class=\"notes-container\">\n                <span class=\"note-tag middle-note\">Cedar Wood<\/span>\n                <span class=\"note-tag middle-note\">Tuberose<\/span>\n                <span class=\"note-tag middle-note\">Jasmine<\/span>\n            <\/div>\n        <\/td>\n    <\/tr>\n    <tr>\n        <td>Base Notes<\/td>\n        <td>\n            <div class=\"notes-container\">\n                <span class=\"note-tag base-note\">Moss<\/span>\n                <span class=\"note-tag base-note\">Tonka Bean<\/span>\n                <span class=\"note-tag base-note\">Maltol<\/span>\n                <span class=\"note-tag base-note\">Leather<\/span>\n                <span class=\"note-tag base-note\">Labdanum<\/span>\n            <\/div>\n        <\/td>\n    <\/tr>\n<\/table>\n\n<style>\n    .specs-table {\n        width: 100%;\n        border-collapse: collapse;\n        font-family: 'Segoe UI', Arial, sans-serif;\n        font-size: 14px;\n    }\n    .specs-table tr {\n        border-bottom: 1px solid #e0e0e0;\n    }\n    .specs-table td {\n        padding: 12px 0;\n        text-align: left;\n        vertical-align: top;\n    }\n    .specs-table td:first-child {\n        font-weight: 600;\n        width: 25%;\n        color: #2c3e50;\n    }\n    .specs-table td:last-child {\n        width: 75%;\n    }\n    .volume-badge {\n        background-color: #e3f2fd;\n        color: #1565c0;\n        padding: 8px 16px;\n        border-radius: 4px;\n        font-weight: 600;\n        display: inline-block;\n        border: 1px solid #bbdefb;\n    }\n    .scent-category {\n        font-weight: 600;\n        color: #7b1fa2;\n        font-style: italic;\n    }\n    .notes-container {\n        display: flex;\n        flex-wrap: wrap;\n        gap: 8px;\n    }\n    .note-tag {\n        padding: 6px 12px;\n        border-radius: 15px;\n        font-size: 13px;\n        display: inline-block;\n        font-weight: 500;\n    }\n    .top-note {\n        background-color: #fff8e1;\n        color: #ff8f00;\n        border: 1px solid #ffecb3;\n    }\n    .middle-note {\n        background-color: #e8f5e9;\n        color: #2e7d32;\n        border: 1px solid #c8e6c9;\n    }\n    .base-note {\n        background-color: #f3e5f5;\n        color: #7b1fa2;\n        border: 1px solid #e1bee7;\n    }\n<\/style>\t\t\t\t\t\t\t\t<\/div>\n\t\t\t\t<\/div>\n\t\t\t\t<\/div>\n\t\t\t\t<div class=\"elementor-element elementor-element-724b65c elementor-widget elementor-widget-image\" data-id=\"724b65c\" data-element_type=\"widget\" data-settings=\"{&quot;ekit_we_effect_on&quot;:&quot;none&quot;}\" data-widget_type=\"image.default\">\n\t\t\t\t<div class=\"elementor-widget-container\">\n\t\t\t\t\t\t\t\t\t\t\t\t\t\t\t<img loading=\"lazy\" decoding=\"async\" width=\"1464\" height=\"625\" src=\"https:\/\/uniquestory.shop\/wp-content\/uploads\/2026\/03\/3a54ca75-4530-43f0-aa6c-11cede47d6dd.__CR001464625_PT0_SX1464_V1___.jpg\" class=\"attachment-full size-full wp-image-14452 wvs-archive-product-image\" alt=\"\" srcset=\"https:\/\/uniquestory.shop\/wp-content\/uploads\/2026\/03\/3a54ca75-4530-43f0-aa6c-11cede47d6dd.__CR001464625_PT0_SX1464_V1___.jpg 1464w, https:\/\/uniquestory.shop\/wp-content\/uploads\/2026\/03\/3a54ca75-4530-43f0-aa6c-11cede47d6dd.__CR001464625_PT0_SX1464_V1___-300x128.jpg 300w, https:\/\/uniquestory.shop\/wp-content\/uploads\/2026\/03\/3a54ca75-4530-43f0-aa6c-11cede47d6dd.__CR001464625_PT0_SX1464_V1___-1024x437.jpg 1024w, https:\/\/uniquestory.shop\/wp-content\/uploads\/2026\/03\/3a54ca75-4530-43f0-aa6c-11cede47d6dd.__CR001464625_PT0_SX1464_V1___-768x328.jpg 768w, https:\/\/uniquestory.shop\/wp-content\/uploads\/2026\/03\/3a54ca75-4530-43f0-aa6c-11cede47d6dd.__CR001464625_PT0_SX1464_V1___-18x8.jpg 18w, https:\/\/uniquestory.shop\/wp-content\/uploads\/2026\/03\/3a54ca75-4530-43f0-aa6c-11cede47d6dd.__CR001464625_PT0_SX1464_V1___-600x256.jpg 600w, https:\/\/uniquestory.shop\/wp-content\/uploads\/2026\/03\/3a54ca75-4530-43f0-aa6c-11cede47d6dd.__CR001464625_PT0_SX1464_V1___-1x1.jpg 1w, https:\/\/uniquestory.shop\/wp-content\/uploads\/2026\/03\/3a54ca75-4530-43f0-aa6c-11cede47d6dd.__CR001464625_PT0_SX1464_V1___-10x4.jpg 10w\" sizes=\"auto, (max-width: 1464px) 100vw, 1464px\" \/>\t\t\t\t\t\t\t\t\t\t\t\t\t\t\t<\/div>\n\t\t\t\t<\/div>\n\t\t<div class=\"elementor-element elementor-element-5d40a9a1 e-grid e-con-full e-con e-child\" data-id=\"5d40a9a1\" data-element_type=\"container\" data-settings=\"{&quot;ekit_has_onepagescroll_dot&quot;:&quot;yes&quot;}\">\n\t\t\t\t<div class=\"elementor-element elementor-element-4e7bf26 elementor-position-top elementor-widget elementor-widget-image-box\" data-id=\"4e7bf26\" data-element_type=\"widget\" data-settings=\"{&quot;ekit_we_effect_on&quot;:&quot;none&quot;}\" data-widget_type=\"image-box.default\">\n\t\t\t\t<div class=\"elementor-widget-container\">\n\t\t\t\t\t<div class=\"elementor-image-box-wrapper\"><figure class=\"elementor-image-box-img\"><img loading=\"lazy\" decoding=\"async\" width=\"300\" height=\"225\" src=\"https:\/\/uniquestory.shop\/wp-content\/uploads\/2026\/03\/5fc5f899-562c-4515-9958-da4685c197ea.__CR00900675_PT0_SX300_V1___.jpg\" class=\"attachment-full size-full wp-image-14453 wvs-archive-product-image\" alt=\"\" srcset=\"https:\/\/uniquestory.shop\/wp-content\/uploads\/2026\/03\/5fc5f899-562c-4515-9958-da4685c197ea.__CR00900675_PT0_SX300_V1___.jpg 300w, https:\/\/uniquestory.shop\/wp-content\/uploads\/2026\/03\/5fc5f899-562c-4515-9958-da4685c197ea.__CR00900675_PT0_SX300_V1___-16x12.jpg 16w, https:\/\/uniquestory.shop\/wp-content\/uploads\/2026\/03\/5fc5f899-562c-4515-9958-da4685c197ea.__CR00900675_PT0_SX300_V1___-1x1.jpg 1w, https:\/\/uniquestory.shop\/wp-content\/uploads\/2026\/03\/5fc5f899-562c-4515-9958-da4685c197ea.__CR00900675_PT0_SX300_V1___-10x8.jpg 10w\" sizes=\"auto, (max-width: 300px) 100vw, 300px\" \/><\/figure><div class=\"elementor-image-box-content\"><h3 class=\"elementor-image-box-title\">Time Capsule in 3 Acts<\/h3><p class=\"elementor-image-box-description\">EDP concentration crafts hrs of evolving drama: Morning's berry sparkle \u2192 Noon's violet veil \u2192 Midnight's mossy whisper. Wearable nostalgia.<\/p><\/div><\/div>\t\t\t\t<\/div>\n\t\t\t\t<\/div>\n\t\t\t\t<div class=\"elementor-element elementor-element-9f34c58 elementor-position-top elementor-widget elementor-widget-image-box\" data-id=\"9f34c58\" data-element_type=\"widget\" data-settings=\"{&quot;ekit_we_effect_on&quot;:&quot;none&quot;}\" data-widget_type=\"image-box.default\">\n\t\t\t\t<div class=\"elementor-widget-container\">\n\t\t\t\t\t<div class=\"elementor-image-box-wrapper\"><figure class=\"elementor-image-box-img\"><img loading=\"lazy\" decoding=\"async\" width=\"300\" height=\"225\" src=\"https:\/\/uniquestory.shop\/wp-content\/uploads\/2026\/03\/e9bbbdaf-fa9c-4693-922c-f997232b5a33.__CR00900675_PT0_SX300_V1___.jpg\" class=\"attachment-full size-full wp-image-14454 wvs-archive-product-image\" alt=\"\" srcset=\"https:\/\/uniquestory.shop\/wp-content\/uploads\/2026\/03\/e9bbbdaf-fa9c-4693-922c-f997232b5a33.__CR00900675_PT0_SX300_V1___.jpg 300w, https:\/\/uniquestory.shop\/wp-content\/uploads\/2026\/03\/e9bbbdaf-fa9c-4693-922c-f997232b5a33.__CR00900675_PT0_SX300_V1___-16x12.jpg 16w, https:\/\/uniquestory.shop\/wp-content\/uploads\/2026\/03\/e9bbbdaf-fa9c-4693-922c-f997232b5a33.__CR00900675_PT0_SX300_V1___-1x1.jpg 1w, https:\/\/uniquestory.shop\/wp-content\/uploads\/2026\/03\/e9bbbdaf-fa9c-4693-922c-f997232b5a33.__CR00900675_PT0_SX300_V1___-10x8.jpg 10w\" sizes=\"auto, (max-width: 300px) 100vw, 300px\" \/><\/figure><div class=\"elementor-image-box-content\"><h3 class=\"elementor-image-box-title\">Symphony of Golden Transitions<\/h3><p class=\"elementor-image-box-description\">Almond's sweet overture \u2192 Iris' powdery interlude \u2192 Vetiver's smoky finale. Your skin conducts this olfactory concerto.<\/p><\/div><\/div>\t\t\t\t<\/div>\n\t\t\t\t<\/div>\n\t\t\t\t<div class=\"elementor-element elementor-element-5cb4d0a1 elementor-position-top elementor-widget elementor-widget-image-box\" data-id=\"5cb4d0a1\" data-element_type=\"widget\" data-settings=\"{&quot;ekit_we_effect_on&quot;:&quot;none&quot;}\" data-widget_type=\"image-box.default\">\n\t\t\t\t<div class=\"elementor-widget-container\">\n\t\t\t\t\t<div class=\"elementor-image-box-wrapper\"><figure class=\"elementor-image-box-img\"><img loading=\"lazy\" decoding=\"async\" width=\"300\" height=\"225\" src=\"https:\/\/uniquestory.shop\/wp-content\/uploads\/2026\/03\/4153ddd8-d003-46c1-8904-1f32f4c50141.__CR00900675_PT0_SX300_V1___.jpg\" class=\"attachment-full size-full wp-image-14455 wvs-archive-product-image\" alt=\"\" srcset=\"https:\/\/uniquestory.shop\/wp-content\/uploads\/2026\/03\/4153ddd8-d003-46c1-8904-1f32f4c50141.__CR00900675_PT0_SX300_V1___.jpg 300w, https:\/\/uniquestory.shop\/wp-content\/uploads\/2026\/03\/4153ddd8-d003-46c1-8904-1f32f4c50141.__CR00900675_PT0_SX300_V1___-16x12.jpg 16w, https:\/\/uniquestory.shop\/wp-content\/uploads\/2026\/03\/4153ddd8-d003-46c1-8904-1f32f4c50141.__CR00900675_PT0_SX300_V1___-1x1.jpg 1w, https:\/\/uniquestory.shop\/wp-content\/uploads\/2026\/03\/4153ddd8-d003-46c1-8904-1f32f4c50141.__CR00900675_PT0_SX300_V1___-10x8.jpg 10w\" sizes=\"auto, (max-width: 300px) 100vw, 300px\" \/><\/figure><div class=\"elementor-image-box-content\"><h3 class=\"elementor-image-box-title\">Skin's Gilded Armor<\/h3><p class=\"elementor-image-box-description\">Gentle formula weaves tonka bean's warmth into epidermis. Not a perfume \u2013 a second dermis with pheromone intelligence.<\/p><\/div><\/div>\t\t\t\t<\/div>\n\t\t\t\t<\/div>\n\t\t\t\t<div class=\"elementor-element elementor-element-6fc6a189 elementor-position-top elementor-widget elementor-widget-image-box\" data-id=\"6fc6a189\" data-element_type=\"widget\" data-settings=\"{&quot;ekit_we_effect_on&quot;:&quot;none&quot;}\" data-widget_type=\"image-box.default\">\n\t\t\t\t<div class=\"elementor-widget-container\">\n\t\t\t\t\t<div class=\"elementor-image-box-wrapper\"><figure class=\"elementor-image-box-img\"><img loading=\"lazy\" decoding=\"async\" width=\"300\" height=\"225\" src=\"https:\/\/uniquestory.shop\/wp-content\/uploads\/2026\/03\/3c2ad929-4ead-40d4-b79a-08aee91addd0.__CR00900675_PT0_SX300_V1___.jpg\" class=\"attachment-full size-full wp-image-14456 wvs-archive-product-image\" alt=\"\" srcset=\"https:\/\/uniquestory.shop\/wp-content\/uploads\/2026\/03\/3c2ad929-4ead-40d4-b79a-08aee91addd0.__CR00900675_PT0_SX300_V1___.jpg 300w, https:\/\/uniquestory.shop\/wp-content\/uploads\/2026\/03\/3c2ad929-4ead-40d4-b79a-08aee91addd0.__CR00900675_PT0_SX300_V1___-16x12.jpg 16w, https:\/\/uniquestory.shop\/wp-content\/uploads\/2026\/03\/3c2ad929-4ead-40d4-b79a-08aee91addd0.__CR00900675_PT0_SX300_V1___-1x1.jpg 1w, https:\/\/uniquestory.shop\/wp-content\/uploads\/2026\/03\/3c2ad929-4ead-40d4-b79a-08aee91addd0.__CR00900675_PT0_SX300_V1___-10x8.jpg 10w\" sizes=\"auto, (max-width: 300px) 100vw, 300px\" \/><\/figure><div class=\"elementor-image-box-content\"><h3 class=\"elementor-image-box-title\">Gilded Unboxing Ritual<\/h3><p class=\"elementor-image-box-description\">Gold-accented vial houses 100ml of liquid opulence. Packaging mirrors the fragrance journey: matte exterior \u2192 molten gold interior.<\/p><\/div><\/div>\t\t\t\t<\/div>\n\t\t\t\t<\/div>\n\t\t\t\t<\/div>\n\t\t<div class=\"elementor-element elementor-element-236fa55e e-grid e-con-full e-con e-child\" data-id=\"236fa55e\" data-element_type=\"container\" data-settings=\"{&quot;ekit_has_onepagescroll_dot&quot;:&quot;yes&quot;}\">\n\t\t\t\t<div class=\"elementor-element elementor-element-155792ac elementor-widget elementor-widget-image\" data-id=\"155792ac\" data-element_type=\"widget\" data-settings=\"{&quot;ekit_we_effect_on&quot;:&quot;none&quot;}\" data-widget_type=\"image.default\">\n\t\t\t\t<div class=\"elementor-widget-container\">\n\t\t\t\t\t\t\t\t\t\t\t\t\t\t\t<img loading=\"lazy\" decoding=\"async\" width=\"1000\" height=\"1000\" src=\"https:\/\/uniquestory.shop\/wp-content\/uploads\/2026\/03\/51bbMux3c3L._SL1000_-1.jpg\" class=\"attachment-full size-full wp-image-14457 wvs-archive-product-image\" alt=\"\" srcset=\"https:\/\/uniquestory.shop\/wp-content\/uploads\/2026\/03\/51bbMux3c3L._SL1000_-1.jpg 1000w, https:\/\/uniquestory.shop\/wp-content\/uploads\/2026\/03\/51bbMux3c3L._SL1000_-1-300x300.jpg 300w, https:\/\/uniquestory.shop\/wp-content\/uploads\/2026\/03\/51bbMux3c3L._SL1000_-1-150x150.jpg 150w, https:\/\/uniquestory.shop\/wp-content\/uploads\/2026\/03\/51bbMux3c3L._SL1000_-1-768x768.jpg 768w, https:\/\/uniquestory.shop\/wp-content\/uploads\/2026\/03\/51bbMux3c3L._SL1000_-1-12x12.jpg 12w, https:\/\/uniquestory.shop\/wp-content\/uploads\/2026\/03\/51bbMux3c3L._SL1000_-1-600x600.jpg 600w, https:\/\/uniquestory.shop\/wp-content\/uploads\/2026\/03\/51bbMux3c3L._SL1000_-1-100x100.jpg 100w, https:\/\/uniquestory.shop\/wp-content\/uploads\/2026\/03\/51bbMux3c3L._SL1000_-1-50x50.jpg 50w, https:\/\/uniquestory.shop\/wp-content\/uploads\/2026\/03\/51bbMux3c3L._SL1000_-1-1x1.jpg 1w, https:\/\/uniquestory.shop\/wp-content\/uploads\/2026\/03\/51bbMux3c3L._SL1000_-1-10x10.jpg 10w\" sizes=\"auto, (max-width: 1000px) 100vw, 1000px\" \/>\t\t\t\t\t\t\t\t\t\t\t\t\t\t\t<\/div>\n\t\t\t\t<\/div>\n\t\t\t\t<div class=\"elementor-element elementor-element-460979bc elementor-widget elementor-widget-image\" data-id=\"460979bc\" data-element_type=\"widget\" data-settings=\"{&quot;ekit_we_effect_on&quot;:&quot;none&quot;}\" data-widget_type=\"image.default\">\n\t\t\t\t<div class=\"elementor-widget-container\">\n\t\t\t\t\t\t\t\t\t\t\t\t\t\t\t<img loading=\"lazy\" decoding=\"async\" width=\"1500\" height=\"1500\" src=\"https:\/\/uniquestory.shop\/wp-content\/uploads\/2026\/03\/61187-8JHcL._SL1500_-2.jpg\" class=\"attachment-full size-full wp-image-14458 wvs-archive-product-image\" alt=\"\" srcset=\"https:\/\/uniquestory.shop\/wp-content\/uploads\/2026\/03\/61187-8JHcL._SL1500_-2.jpg 1500w, https:\/\/uniquestory.shop\/wp-content\/uploads\/2026\/03\/61187-8JHcL._SL1500_-2-300x300.jpg 300w, https:\/\/uniquestory.shop\/wp-content\/uploads\/2026\/03\/61187-8JHcL._SL1500_-2-1024x1024.jpg 1024w, https:\/\/uniquestory.shop\/wp-content\/uploads\/2026\/03\/61187-8JHcL._SL1500_-2-150x150.jpg 150w, https:\/\/uniquestory.shop\/wp-content\/uploads\/2026\/03\/61187-8JHcL._SL1500_-2-768x768.jpg 768w, https:\/\/uniquestory.shop\/wp-content\/uploads\/2026\/03\/61187-8JHcL._SL1500_-2-12x12.jpg 12w, https:\/\/uniquestory.shop\/wp-content\/uploads\/2026\/03\/61187-8JHcL._SL1500_-2-600x600.jpg 600w, https:\/\/uniquestory.shop\/wp-content\/uploads\/2026\/03\/61187-8JHcL._SL1500_-2-100x100.jpg 100w, https:\/\/uniquestory.shop\/wp-content\/uploads\/2026\/03\/61187-8JHcL._SL1500_-2-50x50.jpg 50w, https:\/\/uniquestory.shop\/wp-content\/uploads\/2026\/03\/61187-8JHcL._SL1500_-2-1x1.jpg 1w, https:\/\/uniquestory.shop\/wp-content\/uploads\/2026\/03\/61187-8JHcL._SL1500_-2-10x10.jpg 10w\" sizes=\"auto, (max-width: 1500px) 100vw, 1500px\" \/>\t\t\t\t\t\t\t\t\t\t\t\t\t\t\t<\/div>\n\t\t\t\t<\/div>\n\t\t\t\t<\/div>\n\t\t\t\t\t<\/div>\n\t\t\t\t<\/div>\n\t\t\t\t<\/div>","protected":false},"excerpt":{"rendered":"<p>https:\/\/uniquestory.shop\/wp-content\/uploads\/2026\/03\/video_2026-02-11_15-40-26.mp4 Volume 3.4 Fl Oz\/100ml Scents Floral Fruity Notes Top Notes Lavender Grapefruit Pepper Middle Notes Cedar Wood Tuberose Jasmine&#8230;<\/p>","protected":false},"featured_media":14440,"comment_status":"open","ping_status":"closed","template":"","meta":{"_acf_changed":false},"etheme_brands":[],"product_brand":[],"product_cat":[118],"product_tag":[],"class_list":{"0":"post-14437","1":"product","2":"type-product","3":"status-publish","4":"has-post-thumbnail","6":"product_cat-sale-shop","8":"first","9":"instock","10":"sale","11":"shipping-taxable","12":"purchasable","13":"product-type-variable","14":"has-default-attributes","15":"wvs-archive-product-wrapper"},"acf":[],"_links":{"self":[{"href":"https:\/\/uniquestory.shop\/de\/wp-json\/wp\/v2\/product\/14437","targetHints":{"allow":["GET"]}}],"collection":[{"href":"https:\/\/uniquestory.shop\/de\/wp-json\/wp\/v2\/product"}],"about":[{"href":"https:\/\/uniquestory.shop\/de\/wp-json\/wp\/v2\/types\/product"}],"replies":[{"embeddable":true,"href":"https:\/\/uniquestory.shop\/de\/wp-json\/wp\/v2\/comments?post=14437"}],"version-history":[{"count":4,"href":"https:\/\/uniquestory.shop\/de\/wp-json\/wp\/v2\/product\/14437\/revisions"}],"predecessor-version":[{"id":14466,"href":"https:\/\/uniquestory.shop\/de\/wp-json\/wp\/v2\/product\/14437\/revisions\/14466"}],"wp:featuredmedia":[{"embeddable":true,"href":"https:\/\/uniquestory.shop\/de\/wp-json\/wp\/v2\/media\/14440"}],"wp:attachment":[{"href":"https:\/\/uniquestory.shop\/de\/wp-json\/wp\/v2\/media?parent=14437"}],"wp:term":[{"taxonomy":"brand","embeddable":true,"href":"https:\/\/uniquestory.shop\/de\/wp-json\/wp\/v2\/etheme_brands?post=14437"},{"taxonomy":"product_brand","embeddable":true,"href":"https:\/\/uniquestory.shop\/de\/wp-json\/wp\/v2\/product_brand?post=14437"},{"taxonomy":"product_cat","embeddable":true,"href":"https:\/\/uniquestory.shop\/de\/wp-json\/wp\/v2\/product_cat?post=14437"},{"taxonomy":"product_tag","embeddable":true,"href":"https:\/\/uniquestory.shop\/de\/wp-json\/wp\/v2\/product_tag?post=14437"}],"curies":[{"name":"wp","href":"https:\/\/api.w.org\/{rel}","templated":true}]}}